{"id":5987,"date":"2023-05-02T16:06:05","date_gmt":"2023-05-02T14:06:05","guid":{"rendered":"https:\/\/www.shamaspa.com\/?page_id=5987"},"modified":"2023-07-10T13:32:44","modified_gmt":"2023-07-10T11:32:44","slug":"online-dispute-resolution","status":"publish","type":"page","link":"https:\/\/www.shamaspa.com\/en\/online-dispute-resolution\/","title":{"rendered":"Online dispute resolution"},"content":{"rendered":"\t\t<div data-elementor-type=\"wp-page\" data-elementor-id=\"5987\" class=\"elementor elementor-5987 elementor-5984\" data-elementor-post-type=\"page\">\n\t\t\t\t\t\t<section class=\"elementor-section elementor-top-section elementor-element elementor-element-1d25261 elementor-section-content-middle elementor-section-boxed elementor-section-height-default elementor-section-height-default\" data-id=\"1d25261\" data-element_type=\"section\" data-e-type=\"section\" data-settings=\"{&quot;background_background&quot;:&quot;classic&quot;}\">\n\t\t\t\t\t\t<div class=\"elementor-container elementor-column-gap-default\">\n\t\t\t\t\t<div class=\"elementor-column elementor-col-100 elementor-top-column elementor-element elementor-element-2014b75\" data-id=\"2014b75\" data-element_type=\"column\" data-e-type=\"column\">\n\t\t\t<div class=\"elementor-widget-wrap elementor-element-populated\">\n\t\t\t\t\t\t\t<\/div>\n\t\t<\/div>\n\t\t\t\t\t<\/div>\n\t\t<\/section>\n\t\t\t\t<section class=\"elementor-section elementor-top-section elementor-element elementor-element-937a525 elementor-section-boxed elementor-section-height-default elementor-section-height-default\" data-id=\"937a525\" data-element_type=\"section\" data-e-type=\"section\">\n\t\t\t\t\t\t<div class=\"elementor-container elementor-column-gap-default\">\n\t\t\t\t\t<div class=\"elementor-column elementor-col-100 elementor-top-column elementor-element elementor-element-b9d51e4\" data-id=\"b9d51e4\" data-element_type=\"column\" data-e-type=\"column\">\n\t\t\t<div class=\"elementor-widget-wrap elementor-element-populated\">\n\t\t\t\t\t\t<div class=\"elementor-element elementor-element-7820add elementor-widget elementor-widget-text-editor\" data-id=\"7820add\" data-element_type=\"widget\" data-e-type=\"widget\" data-widget_type=\"text-editor.default\">\n\t\t\t\t<div class=\"elementor-widget-container\">\n\t\t\t\t\t\t\t\t\t<p>Hotel Neptuno pone a disposici\u00f3n del usuario un enlace a la <strong>Plataforma de Resoluci\u00f3n de Conflictos en l\u00ednea<\/strong>. Este enlace pretende resolver cualquier controversia o reclamaci\u00f3n que se pueda originar en materia de consumo. Para poder acceder a la <strong>Plataforma de Resoluci\u00f3n de Conflictos en l\u00ednea<\/strong> lo puedes hacer a trav\u00e9s del siguiente enlace: <a title=\"Plataforma de Resoluci\u00f3n de Conflictos en l\u00ednea\" href=\"https:\/\/ec.europa.eu\/consumers\/odr\" target=\"_blank\" rel=\"noopener\" data-custom-link=\"true\"><u>https:\/\/ec.europa.eu\/consumers\/odr<\/u><\/a><\/p>\t\t\t\t\t\t\t\t<\/div>\n\t\t\t\t<\/div>\n\t\t\t\t\t<\/div>\n\t\t<\/div>\n\t\t\t\t\t<\/div>\n\t\t<\/section>\n\t\t\t\t<\/div>\n\t\t","protected":false},"excerpt":{"rendered":"<p>Hotel Neptuno pone a disposici\u00f3n del usuario un enlace a la Plataforma de Resoluci\u00f3n de Conflictos en l\u00ednea. Este enlace pretende resolver cualquier controversia o reclamaci\u00f3n que se pueda originar en materia de consumo. Para poder acceder a la Plataforma de Resoluci\u00f3n de Conflictos en l\u00ednea lo puedes hacer a trav\u00e9s del siguiente enlace: https:\/\/ec.europa.eu\/consumers\/odr<\/p>\n","protected":false},"author":2,"featured_media":0,"parent":0,"menu_order":0,"comment_status":"closed","ping_status":"closed","template":"","meta":{"_joinchat":[],"footnotes":""},"class_list":["post-5987","page","type-page","status-publish","hentry"],"yoast_head":"<!-- This site is optimized with the Yoast SEO plugin v27.4 - https:\/\/yoast.com\/product\/yoast-seo-wordpress\/ -->\n<title>Online dispute resolution &#8226; SHAMA SPA<\/title>\n<meta name=\"robots\" content=\"index, follow, max-snippet:-1, max-image-preview:large, max-video-preview:-1\" \/>\n<link rel=\"canonical\" href=\"https:\/\/www.shamaspa.com\/en\/online-dispute-resolution\/\" \/>\n<meta property=\"og:locale\" content=\"en_US\" \/>\n<meta property=\"og:type\" content=\"article\" \/>\n<meta property=\"og:title\" content=\"Online dispute resolution &#8226; SHAMA SPA\" \/>\n<meta property=\"og:description\" content=\"Hotel Neptuno pone a disposici\u00f3n del usuario un enlace a la Plataforma de Resoluci\u00f3n de Conflictos en l\u00ednea. Este enlace pretende resolver cualquier controversia o reclamaci\u00f3n que se pueda originar en materia de consumo. Para poder acceder a la Plataforma de Resoluci\u00f3n de Conflictos en l\u00ednea lo puedes hacer a trav\u00e9s del siguiente enlace: https:\/\/ec.europa.eu\/consumers\/odr\" \/>\n<meta property=\"og:url\" content=\"https:\/\/www.shamaspa.com\/en\/online-dispute-resolution\/\" \/>\n<meta property=\"og:site_name\" content=\"SHAMA SPA\" \/>\n<meta property=\"article:publisher\" content=\"https:\/\/www.facebook.com\/shamacalella\" \/>\n<meta property=\"article:modified_time\" content=\"2023-07-10T11:32:44+00:00\" \/>\n<meta property=\"og:image\" content=\"https:\/\/www.shamaspa.com\/wp-content\/uploads\/2023\/03\/Experiencias-Shama-Spa-2.jpg\" \/>\n\t<meta property=\"og:image:width\" content=\"1600\" \/>\n\t<meta property=\"og:image:height\" content=\"1069\" \/>\n\t<meta property=\"og:image:type\" content=\"image\/jpeg\" \/>\n<meta name=\"twitter:card\" content=\"summary_large_image\" \/>\n<script type=\"application\/ld+json\" class=\"yoast-schema-graph\">{\"@context\":\"https:\\\/\\\/schema.org\",\"@graph\":[{\"@type\":\"WebPage\",\"@id\":\"https:\\\/\\\/www.shamaspa.com\\\/en\\\/online-dispute-resolution\\\/\",\"url\":\"https:\\\/\\\/www.shamaspa.com\\\/en\\\/online-dispute-resolution\\\/\",\"name\":\"Online dispute resolution &#8226; SHAMA SPA\",\"isPartOf\":{\"@id\":\"https:\\\/\\\/www.shamaspa.com\\\/en\\\/#website\"},\"datePublished\":\"2023-05-02T14:06:05+00:00\",\"dateModified\":\"2023-07-10T11:32:44+00:00\",\"breadcrumb\":{\"@id\":\"https:\\\/\\\/www.shamaspa.com\\\/en\\\/online-dispute-resolution\\\/#breadcrumb\"},\"inLanguage\":\"en-US\",\"potentialAction\":[{\"@type\":\"ReadAction\",\"target\":[\"https:\\\/\\\/www.shamaspa.com\\\/en\\\/online-dispute-resolution\\\/\"]}]},{\"@type\":\"BreadcrumbList\",\"@id\":\"https:\\\/\\\/www.shamaspa.com\\\/en\\\/online-dispute-resolution\\\/#breadcrumb\",\"itemListElement\":[{\"@type\":\"ListItem\",\"position\":1,\"name\":\"Inici\",\"item\":\"https:\\\/\\\/www.shamaspa.com\\\/en\\\/pagina-ejemplo\\\/\"},{\"@type\":\"ListItem\",\"position\":2,\"name\":\"Online dispute resolution\"}]},{\"@type\":\"WebSite\",\"@id\":\"https:\\\/\\\/www.shamaspa.com\\\/en\\\/#website\",\"url\":\"https:\\\/\\\/www.shamaspa.com\\\/en\\\/\",\"name\":\"SHAMA SPA\",\"description\":\"SPA i Relax a Calella, Barcelona\",\"publisher\":{\"@id\":\"https:\\\/\\\/www.shamaspa.com\\\/en\\\/#organization\"},\"alternateName\":\"Centre d'Spa a Calella\",\"potentialAction\":[{\"@type\":\"SearchAction\",\"target\":{\"@type\":\"EntryPoint\",\"urlTemplate\":\"https:\\\/\\\/www.shamaspa.com\\\/en\\\/?s={search_term_string}\"},\"query-input\":{\"@type\":\"PropertyValueSpecification\",\"valueRequired\":true,\"valueName\":\"search_term_string\"}}],\"inLanguage\":\"en-US\"},{\"@type\":\"Organization\",\"@id\":\"https:\\\/\\\/www.shamaspa.com\\\/en\\\/#organization\",\"name\":\"Shama Spa\",\"url\":\"https:\\\/\\\/www.shamaspa.com\\\/en\\\/\",\"logo\":{\"@type\":\"ImageObject\",\"inLanguage\":\"en-US\",\"@id\":\"https:\\\/\\\/www.shamaspa.com\\\/en\\\/#\\\/schema\\\/logo\\\/image\\\/\",\"url\":\"https:\\\/\\\/www.shamaspa.com\\\/wp-content\\\/uploads\\\/2020\\\/06\\\/cropped-shama-spa-black.png\",\"contentUrl\":\"https:\\\/\\\/www.shamaspa.com\\\/wp-content\\\/uploads\\\/2020\\\/06\\\/cropped-shama-spa-black.png\",\"width\":1795,\"height\":693,\"caption\":\"Shama Spa\"},\"image\":{\"@id\":\"https:\\\/\\\/www.shamaspa.com\\\/en\\\/#\\\/schema\\\/logo\\\/image\\\/\"},\"sameAs\":[\"https:\\\/\\\/www.facebook.com\\\/shamacalella\",\"https:\\\/\\\/www.instagram.com\\\/shamacalella\\\/\"]}]}<\/script>\n<!-- \/ Yoast SEO plugin. -->","yoast_head_json":{"title":"Online dispute resolution &#8226; SHAMA SPA","robots":{"index":"index","follow":"follow","max-snippet":"max-snippet:-1","max-image-preview":"max-image-preview:large","max-video-preview":"max-video-preview:-1"},"canonical":"https:\/\/www.shamaspa.com\/en\/online-dispute-resolution\/","og_locale":"en_US","og_type":"article","og_title":"Online dispute resolution &#8226; SHAMA SPA","og_description":"Hotel Neptuno pone a disposici\u00f3n del usuario un enlace a la Plataforma de Resoluci\u00f3n de Conflictos en l\u00ednea. Este enlace pretende resolver cualquier controversia o reclamaci\u00f3n que se pueda originar en materia de consumo. Para poder acceder a la Plataforma de Resoluci\u00f3n de Conflictos en l\u00ednea lo puedes hacer a trav\u00e9s del siguiente enlace: https:\/\/ec.europa.eu\/consumers\/odr","og_url":"https:\/\/www.shamaspa.com\/en\/online-dispute-resolution\/","og_site_name":"SHAMA SPA","article_publisher":"https:\/\/www.facebook.com\/shamacalella","article_modified_time":"2023-07-10T11:32:44+00:00","og_image":[{"width":1600,"height":1069,"url":"https:\/\/www.shamaspa.com\/wp-content\/uploads\/2023\/03\/Experiencias-Shama-Spa-2.jpg","type":"image\/jpeg"}],"twitter_card":"summary_large_image","schema":{"@context":"https:\/\/schema.org","@graph":[{"@type":"WebPage","@id":"https:\/\/www.shamaspa.com\/en\/online-dispute-resolution\/","url":"https:\/\/www.shamaspa.com\/en\/online-dispute-resolution\/","name":"Online dispute resolution &#8226; SHAMA SPA","isPartOf":{"@id":"https:\/\/www.shamaspa.com\/en\/#website"},"datePublished":"2023-05-02T14:06:05+00:00","dateModified":"2023-07-10T11:32:44+00:00","breadcrumb":{"@id":"https:\/\/www.shamaspa.com\/en\/online-dispute-resolution\/#breadcrumb"},"inLanguage":"en-US","potentialAction":[{"@type":"ReadAction","target":["https:\/\/www.shamaspa.com\/en\/online-dispute-resolution\/"]}]},{"@type":"BreadcrumbList","@id":"https:\/\/www.shamaspa.com\/en\/online-dispute-resolution\/#breadcrumb","itemListElement":[{"@type":"ListItem","position":1,"name":"Inici","item":"https:\/\/www.shamaspa.com\/en\/pagina-ejemplo\/"},{"@type":"ListItem","position":2,"name":"Online dispute resolution"}]},{"@type":"WebSite","@id":"https:\/\/www.shamaspa.com\/en\/#website","url":"https:\/\/www.shamaspa.com\/en\/","name":"SHAMA SPA","description":"SPA i Relax a Calella, Barcelona","publisher":{"@id":"https:\/\/www.shamaspa.com\/en\/#organization"},"alternateName":"Centre d'Spa a Calella","potentialAction":[{"@type":"SearchAction","target":{"@type":"EntryPoint","urlTemplate":"https:\/\/www.shamaspa.com\/en\/?s={search_term_string}"},"query-input":{"@type":"PropertyValueSpecification","valueRequired":true,"valueName":"search_term_string"}}],"inLanguage":"en-US"},{"@type":"Organization","@id":"https:\/\/www.shamaspa.com\/en\/#organization","name":"Shama Spa","url":"https:\/\/www.shamaspa.com\/en\/","logo":{"@type":"ImageObject","inLanguage":"en-US","@id":"https:\/\/www.shamaspa.com\/en\/#\/schema\/logo\/image\/","url":"https:\/\/www.shamaspa.com\/wp-content\/uploads\/2020\/06\/cropped-shama-spa-black.png","contentUrl":"https:\/\/www.shamaspa.com\/wp-content\/uploads\/2020\/06\/cropped-shama-spa-black.png","width":1795,"height":693,"caption":"Shama Spa"},"image":{"@id":"https:\/\/www.shamaspa.com\/en\/#\/schema\/logo\/image\/"},"sameAs":["https:\/\/www.facebook.com\/shamacalella","https:\/\/www.instagram.com\/shamacalella\/"]}]}},"_links":{"self":[{"href":"https:\/\/www.shamaspa.com\/en\/wp-json\/wp\/v2\/pages\/5987","targetHints":{"allow":["GET"]}}],"collection":[{"href":"https:\/\/www.shamaspa.com\/en\/wp-json\/wp\/v2\/pages"}],"about":[{"href":"https:\/\/www.shamaspa.com\/en\/wp-json\/wp\/v2\/types\/page"}],"author":[{"embeddable":true,"href":"https:\/\/www.shamaspa.com\/en\/wp-json\/wp\/v2\/users\/2"}],"replies":[{"embeddable":true,"href":"https:\/\/www.shamaspa.com\/en\/wp-json\/wp\/v2\/comments?post=5987"}],"version-history":[{"count":0,"href":"https:\/\/www.shamaspa.com\/en\/wp-json\/wp\/v2\/pages\/5987\/revisions"}],"wp:attachment":[{"href":"https:\/\/www.shamaspa.com\/en\/wp-json\/wp\/v2\/media?parent=5987"}],"curies":[{"name":"wp","href":"https:\/\/api.w.org\/{rel}","templated":true}]}}